{"id":682,"date":"2023-08-05T12:08:49","date_gmt":"2023-08-05T15:08:49","guid":{"rendered":"https:\/\/colonymon.quixada.ufc.br\/?page_id=682"},"modified":"2025-11-26T16:59:56","modified_gmt":"2025-11-26T19:59:56","slug":"aplicativo","status":"publish","type":"page","link":"https:\/\/colonymon.quixada.ufc.br\/?page_id=682","title":{"rendered":"Aplicativos"},"content":{"rendered":"\t\t<div data-elementor-type=\"wp-page\" data-elementor-id=\"682\" class=\"elementor elementor-682\" data-elementor-post-type=\"page\">\n\t\t\t\t\t\t<section class=\"elementor-section elementor-top-section elementor-element elementor-element-e54b14d elementor-section-boxed elementor-section-height-default elementor-section-height-default wpr-particle-no wpr-jarallax-no wpr-parallax-no wpr-sticky-section-no\" data-id=\"e54b14d\" data-element_type=\"section\" data-e-type=\"section\">\n\t\t\t\t\t\t<div class=\"elementor-container elementor-column-gap-default\">\n\t\t\t\t\t<div class=\"elementor-column elementor-col-100 elementor-top-column elementor-element elementor-element-aa53e16\" data-id=\"aa53e16\" data-element_type=\"column\" data-e-type=\"column\">\n\t\t\t<div class=\"elementor-widget-wrap elementor-element-populated\">\n\t\t\t\t\t\t<div class=\"elementor-element elementor-element-7b83c23 elementor-widget elementor-widget-text-editor\" data-id=\"7b83c23\" data-element_type=\"widget\" data-e-type=\"widget\" data-widget_type=\"text-editor.default\">\n\t\t\t\t<div class=\"elementor-widget-container\">\n\t\t\t\t\t\t\t\t\t<p>Nessa p\u00e1gina voc\u00ea encontra as ferramentas desenvolvidas dentro do projeto Colonymon que busca auxiliar tecnologicamente a apicultura de precis\u00e3o no sert\u00e3o central.\u200b<\/p>\t\t\t\t\t\t\t\t<\/div>\n\t\t\t\t<\/div>\n\t\t\t\t<div class=\"elementor-element elementor-element-958f90e elementor-widget elementor-widget-heading\" data-id=\"958f90e\" data-element_type=\"widget\" data-e-type=\"widget\" data-widget_type=\"heading.default\">\n\t\t\t\t<div class=\"elementor-widget-container\">\n\t\t\t\t\t<h1 class=\"elementor-heading-title elementor-size-default\">Revise!<\/h1>\t\t\t\t<\/div>\n\t\t\t\t<\/div>\n\t\t\t\t<section class=\"elementor-section elementor-inner-section elementor-element elementor-element-5707184 elementor-section-boxed elementor-section-height-default elementor-section-height-default wpr-particle-no wpr-jarallax-no wpr-parallax-no wpr-sticky-section-no\" data-id=\"5707184\" data-element_type=\"section\" data-e-type=\"section\">\n\t\t\t\t\t\t<div class=\"elementor-container elementor-column-gap-default\">\n\t\t\t\t\t<div class=\"elementor-column elementor-col-33 elementor-inner-column elementor-element elementor-element-fe06873\" data-id=\"fe06873\" data-element_type=\"column\" data-e-type=\"column\">\n\t\t\t<div class=\"elementor-widget-wrap elementor-element-populated\">\n\t\t\t\t\t\t<div class=\"elementor-element elementor-element-fc0fdfc elementor-widget elementor-widget-image\" data-id=\"fc0fdfc\" data-element_type=\"widget\" data-e-type=\"widget\" data-widget_type=\"image.default\">\n\t\t\t\t<div class=\"elementor-widget-container\">\n\t\t\t\t\t\t\t\t\t\t\t\t\t\t\t<img fetchpriority=\"high\" decoding=\"async\" width=\"768\" height=\"684\" src=\"https:\/\/colonymon.quixada.ufc.br\/wp-content\/uploads\/2024\/06\/revise-cel-768x684.png\" class=\"attachment-medium_large size-medium_large wp-image-933\" alt=\"\" srcset=\"https:\/\/colonymon.quixada.ufc.br\/wp-content\/uploads\/2024\/06\/revise-cel-768x684.png 768w, https:\/\/colonymon.quixada.ufc.br\/wp-content\/uploads\/2024\/06\/revise-cel-300x267.png 300w, https:\/\/colonymon.quixada.ufc.br\/wp-content\/uploads\/2024\/06\/revise-cel-1024x913.png 1024w, https:\/\/colonymon.quixada.ufc.br\/wp-content\/uploads\/2024\/06\/revise-cel-1536x1369.png 1536w, https:\/\/colonymon.quixada.ufc.br\/wp-content\/uploads\/2024\/06\/revise-cel-2048x1825.png 2048w\" sizes=\"(max-width: 768px) 100vw, 768px\" \/>\t\t\t\t\t\t\t\t\t\t\t\t\t\t\t<\/div>\n\t\t\t\t<\/div>\n\t\t\t\t\t<\/div>\n\t\t<\/div>\n\t\t\t\t<div class=\"elementor-column elementor-col-66 elementor-inner-column elementor-element elementor-element-e92856f\" data-id=\"e92856f\" data-element_type=\"column\" data-e-type=\"column\">\n\t\t\t<div class=\"elementor-widget-wrap elementor-element-populated\">\n\t\t\t\t\t\t<div class=\"elementor-element elementor-element-fc0a2d5 elementor-widget elementor-widget-text-editor\" data-id=\"fc0a2d5\" data-element_type=\"widget\" data-e-type=\"widget\" data-widget_type=\"text-editor.default\">\n\t\t\t\t<div class=\"elementor-widget-container\">\n\t\t\t\t\t\t\t\t\t<p>Aplicativo mobile que tem o foco em auxiliar apicultores a realizar e salvar revis\u00f5es das colmeias. O objetivo da aplica\u00e7\u00e3o \u00e9 oferecer uma experi\u00eancia de usu\u00e1rio mais simples e pensada no uso durante a revis\u00e3o da colmeia, onde os apicultores geralmente utilizam ferramentas, roupas, luvas e capacete espec\u00edficos para a fun\u00e7\u00e3o.<\/p><p>O aplicativo j\u00e1 est\u00e1 dispon\u00edvel para download na Play Store.<\/p>\t\t\t\t\t\t\t\t<\/div>\n\t\t\t\t<\/div>\n\t\t\t\t<div class=\"elementor-element elementor-element-459ba2c elementor-align-center elementor-widget elementor-widget-button\" data-id=\"459ba2c\" data-element_type=\"widget\" data-e-type=\"widget\" data-widget_type=\"button.default\">\n\t\t\t\t<div class=\"elementor-widget-container\">\n\t\t\t\t\t\t\t\t\t<div class=\"elementor-button-wrapper\">\n\t\t\t\t\t<a class=\"elementor-button elementor-button-link elementor-size-md\" href=\"https:\/\/colonymon.quixada.ufc.br\/?page_id=844\" target=\"_blank\">\n\t\t\t\t\t\t<span class=\"elementor-button-content-wrapper\">\n\t\t\t\t\t\t\t\t\t<span class=\"elementor-button-text\">Quero saber mais!<\/span>\n\t\t\t\t\t<\/span>\n\t\t\t\t\t<\/a>\n\t\t\t\t<\/div>\n\t\t\t\t\t\t\t\t<\/div>\n\t\t\t\t<\/div>\n\t\t\t\t\t<\/div>\n\t\t<\/div>\n\t\t\t\t\t<\/div>\n\t\t<\/section>\n\t\t\t\t\t<\/div>\n\t\t<\/div>\n\t\t\t\t\t<\/div>\n\t\t<\/section>\n\t\t\t\t<section class=\"elementor-section elementor-top-section elementor-element elementor-element-9bf7e3e elementor-section-boxed elementor-section-height-default elementor-section-height-default wpr-particle-no wpr-jarallax-no wpr-parallax-no wpr-sticky-section-no\" data-id=\"9bf7e3e\" data-element_type=\"section\" data-e-type=\"section\">\n\t\t\t\t\t\t<div class=\"elementor-container elementor-column-gap-default\">\n\t\t\t\t\t<div class=\"elementor-column elementor-col-100 elementor-top-column elementor-element elementor-element-8772e68\" data-id=\"8772e68\" data-element_type=\"column\" data-e-type=\"column\">\n\t\t\t<div class=\"elementor-widget-wrap elementor-element-populated\">\n\t\t\t\t\t\t<div class=\"elementor-element elementor-element-d276559 elementor-widget elementor-widget-spacer\" data-id=\"d276559\" data-element_type=\"widget\" data-e-type=\"widget\" data-widget_type=\"spacer.default\">\n\t\t\t\t<div class=\"elementor-widget-container\">\n\t\t\t\t\t\t\t<div class=\"elementor-spacer\">\n\t\t\t<div class=\"elementor-spacer-inner\"><\/div>\n\t\t<\/div>\n\t\t\t\t\t\t<\/div>\n\t\t\t\t<\/div>\n\t\t\t\t<div class=\"elementor-element elementor-element-89e80f2 elementor-widget elementor-widget-heading\" data-id=\"89e80f2\" data-element_type=\"widget\" data-e-type=\"widget\" data-widget_type=\"heading.default\">\n\t\t\t\t<div class=\"elementor-widget-container\">\n\t\t\t\t\t<h1 class=\"elementor-heading-title elementor-size-default\">Dashboard Api\u00e1rios<\/h1>\t\t\t\t<\/div>\n\t\t\t\t<\/div>\n\t\t\t\t<section class=\"elementor-section elementor-inner-section elementor-element elementor-element-618ad76 elementor-section-boxed elementor-section-height-default elementor-section-height-default wpr-particle-no wpr-jarallax-no wpr-parallax-no wpr-sticky-section-no\" data-id=\"618ad76\" data-element_type=\"section\" data-e-type=\"section\">\n\t\t\t\t\t\t<div class=\"elementor-container elementor-column-gap-default\">\n\t\t\t\t\t<div class=\"elementor-column elementor-col-66 elementor-inner-column elementor-element elementor-element-3838fdc\" data-id=\"3838fdc\" data-element_type=\"column\" data-e-type=\"column\" data-settings=\"{&quot;background_background&quot;:&quot;classic&quot;}\">\n\t\t\t<div class=\"elementor-widget-wrap elementor-element-populated\">\n\t\t\t\t\t\t<div class=\"elementor-element elementor-element-0dc4cec elementor-widget elementor-widget-text-editor\" data-id=\"0dc4cec\" data-element_type=\"widget\" data-e-type=\"widget\" data-widget_type=\"text-editor.default\">\n\t\t\t\t<div class=\"elementor-widget-container\">\n\t\t\t\t\t\t\t\t\t<p>Se trata de uma aplica\u00e7\u00e3o web que auxilia os apicultores a observarem a analisarem os detalhes e pequenas mudan\u00e7as que ocorrem nas colmeias. A aplica\u00e7\u00e3o funciona juntamente com sensores que s\u00e3o capazes de captar v\u00e1rias informa\u00e7\u00f5es importantes das colmeias, como temperatura e atividade das abelhas. Um dos objetivos dos sensores \u00e9 detectar sinais de que as abelhas pretendem abandonar a colmeia.<\/p><p>Por meio do dashboard, todas as informa\u00e7\u00f5es coletadas podem ser vistas facilmente pelo apicultor em forma de gr\u00e1fico dentro da aplica\u00e7\u00e3o.<\/p>\t\t\t\t\t\t\t\t<\/div>\n\t\t\t\t<\/div>\n\t\t\t\t<div class=\"elementor-element elementor-element-f8faa99 elementor-align-center elementor-widget elementor-widget-button\" data-id=\"f8faa99\" data-element_type=\"widget\" data-e-type=\"widget\" data-widget_type=\"button.default\">\n\t\t\t\t<div class=\"elementor-widget-container\">\n\t\t\t\t\t\t\t\t\t<div class=\"elementor-button-wrapper\">\n\t\t\t\t\t<a class=\"elementor-button elementor-button-link elementor-size-md\" href=\"https:\/\/painel.colonymon.site\/dashboard\">\n\t\t\t\t\t\t<span class=\"elementor-button-content-wrapper\">\n\t\t\t\t\t\t\t\t\t<span class=\"elementor-button-text\">Quero saber mais!<\/span>\n\t\t\t\t\t<\/span>\n\t\t\t\t\t<\/a>\n\t\t\t\t<\/div>\n\t\t\t\t\t\t\t\t<\/div>\n\t\t\t\t<\/div>\n\t\t\t\t\t<\/div>\n\t\t<\/div>\n\t\t\t\t<div class=\"elementor-column elementor-col-33 elementor-inner-column elementor-element elementor-element-7a2b0a6\" data-id=\"7a2b0a6\" data-element_type=\"column\" data-e-type=\"column\">\n\t\t\t<div class=\"elementor-widget-wrap elementor-element-populated\">\n\t\t\t\t\t\t<div class=\"elementor-element elementor-element-e7120aa elementor-widget elementor-widget-image\" data-id=\"e7120aa\" data-element_type=\"widget\" data-e-type=\"widget\" data-widget_type=\"image.default\">\n\t\t\t\t<div class=\"elementor-widget-container\">\n\t\t\t\t\t\t\t\t\t\t\t\t\t\t\t<img decoding=\"async\" width=\"768\" height=\"694\" src=\"https:\/\/colonymon.quixada.ufc.br\/wp-content\/uploads\/2024\/06\/dashboard-desktop-768x694.png\" class=\"attachment-medium_large size-medium_large wp-image-934\" alt=\"\" srcset=\"https:\/\/colonymon.quixada.ufc.br\/wp-content\/uploads\/2024\/06\/dashboard-desktop-768x694.png 768w, https:\/\/colonymon.quixada.ufc.br\/wp-content\/uploads\/2024\/06\/dashboard-desktop-300x271.png 300w, https:\/\/colonymon.quixada.ufc.br\/wp-content\/uploads\/2024\/06\/dashboard-desktop-1024x925.png 1024w, https:\/\/colonymon.quixada.ufc.br\/wp-content\/uploads\/2024\/06\/dashboard-desktop-1536x1388.png 1536w, https:\/\/colonymon.quixada.ufc.br\/wp-content\/uploads\/2024\/06\/dashboard-desktop-2048x1851.png 2048w\" sizes=\"(max-width: 768px) 100vw, 768px\" \/>\t\t\t\t\t\t\t\t\t\t\t\t\t\t\t<\/div>\n\t\t\t\t<\/div>\n\t\t\t\t\t<\/div>\n\t\t<\/div>\n\t\t\t\t\t<\/div>\n\t\t<\/section>\n\t\t\t\t\t<\/div>\n\t\t<\/div>\n\t\t\t\t\t<\/div>\n\t\t<\/section>\n\t\t\t\t<section class=\"elementor-section elementor-top-section elementor-element elementor-element-580e961 elementor-section-boxed elementor-section-height-default elementor-section-height-default wpr-particle-no wpr-jarallax-no wpr-parallax-no wpr-sticky-section-no\" data-id=\"580e961\" data-element_type=\"section\" data-e-type=\"section\">\n\t\t\t\t\t\t<div class=\"elementor-container elementor-column-gap-default\">\n\t\t\t\t\t<div class=\"elementor-column elementor-col-100 elementor-top-column elementor-element elementor-element-575d4b2\" data-id=\"575d4b2\" data-element_type=\"column\" data-e-type=\"column\">\n\t\t\t<div class=\"elementor-widget-wrap\">\n\t\t\t\t\t\t\t<\/div>\n\t\t<\/div>\n\t\t\t\t\t<\/div>\n\t\t<\/section>\n\t\t\t\t<\/div>\n\t\t","protected":false},"excerpt":{"rendered":"<p>Nessa p\u00e1gina voc\u00ea encontra as ferramentas desenvolvidas dentro do projeto Colonymon que busca auxiliar tecnologicamente a apicultura de precis\u00e3o no sert\u00e3o central.\u200b Revise! Aplicativo mobile que tem o foco em auxiliar apicultores a realizar e salvar revis\u00f5es das colmeias. O objetivo da aplica\u00e7\u00e3o \u00e9 oferecer uma experi\u00eancia de usu\u00e1rio mais simples e pensada no uso durante a revis\u00e3o da colmeia, onde os apicultores geralmente utilizam ferramentas, roupas, luvas e capacete espec\u00edficos para a fun\u00e7\u00e3o. O aplicativo j\u00e1 est\u00e1 dispon\u00edvel para download na Play Store. Quero saber mais! Dashboard Api\u00e1rios Se trata de uma aplica\u00e7\u00e3o web que auxilia os apicultores a observarem a analisarem os detalhes e pequenas mudan\u00e7as que ocorrem nas colmeias. A aplica\u00e7\u00e3o funciona juntamente com sensores que s\u00e3o capazes de captar v\u00e1rias informa\u00e7\u00f5es importantes das colmeias, como temperatura e atividade das abelhas. Um dos objetivos dos sensores \u00e9 detectar sinais de que as abelhas pretendem abandonar a colmeia. Por meio do dashboard, todas as informa\u00e7\u00f5es coletadas podem ser vistas facilmente pelo apicultor em forma de gr\u00e1fico dentro da aplica\u00e7\u00e3o. Quero saber mais!<\/p>\n","protected":false},"author":1,"featured_media":0,"parent":0,"menu_order":0,"comment_status":"closed","ping_status":"closed","template":"","meta":{"footnotes":""},"class_list":["post-682","page","type-page","status-publish","hentry"],"_links":{"self":[{"href":"https:\/\/colonymon.quixada.ufc.br\/index.php?rest_route=\/wp\/v2\/pages\/682","targetHints":{"allow":["GET"]}}],"collection":[{"href":"https:\/\/colonymon.quixada.ufc.br\/index.php?rest_route=\/wp\/v2\/pages"}],"about":[{"href":"https:\/\/colonymon.quixada.ufc.br\/index.php?rest_route=\/wp\/v2\/types\/page"}],"author":[{"embeddable":true,"href":"https:\/\/colonymon.quixada.ufc.br\/index.php?rest_route=\/wp\/v2\/users\/1"}],"replies":[{"embeddable":true,"href":"https:\/\/colonymon.quixada.ufc.br\/index.php?rest_route=%2Fwp%2Fv2%2Fcomments&post=682"}],"version-history":[{"count":39,"href":"https:\/\/colonymon.quixada.ufc.br\/index.php?rest_route=\/wp\/v2\/pages\/682\/revisions"}],"predecessor-version":[{"id":1549,"href":"https:\/\/colonymon.quixada.ufc.br\/index.php?rest_route=\/wp\/v2\/pages\/682\/revisions\/1549"}],"wp:attachment":[{"href":"https:\/\/colonymon.quixada.ufc.br\/index.php?rest_route=%2Fwp%2Fv2%2Fmedia&parent=682"}],"curies":[{"name":"wp","href":"https:\/\/api.w.org\/{rel}","templated":true}]}}