{"id":11,"date":"2023-05-04T10:45:34","date_gmt":"2023-05-04T13:45:34","guid":{"rendered":"https:\/\/colonymon.quixada.ufc.br\/?page_id=11"},"modified":"2026-03-26T13:48:10","modified_gmt":"2026-03-26T16:48:10","slug":"colibri-wp-2","status":"publish","type":"page","link":"https:\/\/colonymon.quixada.ufc.br\/","title":{"rendered":"Front Page"},"content":{"rendered":"\t\t<div data-elementor-type=\"wp-page\" data-elementor-id=\"11\" class=\"elementor elementor-11\" data-elementor-post-type=\"page\">\n\t\t\t\t\t\t<section class=\"elementor-section elementor-top-section elementor-element elementor-element-1516423 elementor-section-boxed elementor-section-height-default elementor-section-height-default wpr-particle-no wpr-jarallax-no wpr-parallax-no wpr-sticky-section-no\" data-id=\"1516423\" data-element_type=\"section\" data-e-type=\"section\">\n\t\t\t\t\t\t<div class=\"elementor-container elementor-column-gap-default\">\n\t\t\t\t\t<div class=\"elementor-column elementor-col-100 elementor-top-column elementor-element elementor-element-e2f0bf1\" data-id=\"e2f0bf1\" data-element_type=\"column\" data-e-type=\"column\">\n\t\t\t<div class=\"elementor-widget-wrap elementor-element-populated\">\n\t\t\t\t\t\t<div class=\"elementor-element elementor-element-c91c6f1 elementor-widget-mobile__width-initial elementor-widget elementor-widget-heading\" data-id=\"c91c6f1\" data-element_type=\"widget\" data-e-type=\"widget\" data-widget_type=\"heading.default\">\n\t\t\t\t<div class=\"elementor-widget-container\">\n\t\t\t\t\t<h2 class=\"elementor-heading-title elementor-size-default\">Sobre o projeto<\/h2>\t\t\t\t<\/div>\n\t\t\t\t<\/div>\n\t\t\t\t<div class=\"elementor-element elementor-element-4baf8c5 elementor-widget elementor-widget-text-editor\" data-id=\"4baf8c5\" data-element_type=\"widget\" data-e-type=\"widget\" data-widget_type=\"text-editor.default\">\n\t\t\t\t<div class=\"elementor-widget-container\">\n\t\t\t\t\t\t\t\t\t<p><span style=\"color: rgb(0, 0, 0);\">O abandono de uma col\u00f4nia \u00e9 um termo usado na apicultura para quando uma col\u00f4nia inteira deixa seu ninho para nunca mais retornar a ele. Apicultores do semi\u00e1rido cearense tem relatado, anualmente, severos preju\u00edzos devido a uma alta taxa de perda por abandono de col\u00f4nias de <\/span><span style=\"color: rgb(0, 0, 0); font-weight: 700; font-style: italic;\">abelhas africanizadas<\/span><span style=\"color: rgb(0, 0, 0);\"> durante a estiagem. Estudos apontam que essas taxas est\u00e3o relacionadas a fatores clim\u00e1ticos, contudo, at\u00e9 o momento, n\u00e3o se sabe com precis\u00e3o quais vari\u00e1veis f\u00edsicas e internas \u00e0 col\u00f4nia podem indicar antecipadamente sua decis\u00e3o pelo abandono da colmeia.&nbsp;<\/span><\/p>\t\t\t\t\t\t\t\t<\/div>\n\t\t\t\t<\/div>\n\t\t\t\t\t<\/div>\n\t\t<\/div>\n\t\t\t\t\t<\/div>\n\t\t<\/section>\n\t\t\t\t<section class=\"elementor-section elementor-top-section elementor-element elementor-element-d62478a elementor-section-boxed elementor-section-height-default elementor-section-height-default wpr-particle-no wpr-jarallax-no wpr-parallax-no wpr-sticky-section-no\" data-id=\"d62478a\" data-element_type=\"section\" data-e-type=\"section\">\n\t\t\t\t\t\t<div class=\"elementor-container elementor-column-gap-default\">\n\t\t\t\t\t<div class=\"elementor-column elementor-col-33 elementor-top-column elementor-element elementor-element-c20a17b\" data-id=\"c20a17b\" data-element_type=\"column\" data-e-type=\"column\">\n\t\t\t<div class=\"elementor-widget-wrap elementor-element-populated\">\n\t\t\t\t\t\t<div class=\"elementor-element elementor-element-92bc1d2 elementor-widget elementor-widget-image\" data-id=\"92bc1d2\" data-element_type=\"widget\" data-e-type=\"widget\" data-widget_type=\"image.default\">\n\t\t\t\t<div class=\"elementor-widget-container\">\n\t\t\t\t\t\t\t\t\t\t\t\t\t\t\t<img fetchpriority=\"high\" decoding=\"async\" width=\"945\" height=\"979\" src=\"https:\/\/colonymon.quixada.ufc.br\/wp-content\/uploads\/2025\/07\/Frame-8-1.png\" class=\"attachment-large size-large wp-image-1530\" alt=\"\" srcset=\"https:\/\/colonymon.quixada.ufc.br\/wp-content\/uploads\/2025\/07\/Frame-8-1.png 945w, https:\/\/colonymon.quixada.ufc.br\/wp-content\/uploads\/2025\/07\/Frame-8-1-290x300.png 290w, https:\/\/colonymon.quixada.ufc.br\/wp-content\/uploads\/2025\/07\/Frame-8-1-768x796.png 768w\" sizes=\"(max-width: 945px) 100vw, 945px\" \/>\t\t\t\t\t\t\t\t\t\t\t\t\t\t\t<\/div>\n\t\t\t\t<\/div>\n\t\t\t\t\t<\/div>\n\t\t<\/div>\n\t\t\t\t<div class=\"elementor-column elementor-col-33 elementor-top-column elementor-element elementor-element-944448a\" data-id=\"944448a\" data-element_type=\"column\" data-e-type=\"column\">\n\t\t\t<div class=\"elementor-widget-wrap elementor-element-populated\">\n\t\t\t\t\t\t<div class=\"elementor-element elementor-element-753b7f8 elementor-widget elementor-widget-image\" data-id=\"753b7f8\" data-element_type=\"widget\" data-e-type=\"widget\" data-widget_type=\"image.default\">\n\t\t\t\t<div class=\"elementor-widget-container\">\n\t\t\t\t\t\t\t\t\t\t\t\t\t\t\t<img decoding=\"async\" width=\"945\" height=\"979\" src=\"https:\/\/colonymon.quixada.ufc.br\/wp-content\/uploads\/2025\/07\/Frame-7-1.png\" class=\"attachment-large size-large wp-image-1529\" alt=\"\" srcset=\"https:\/\/colonymon.quixada.ufc.br\/wp-content\/uploads\/2025\/07\/Frame-7-1.png 945w, https:\/\/colonymon.quixada.ufc.br\/wp-content\/uploads\/2025\/07\/Frame-7-1-290x300.png 290w, https:\/\/colonymon.quixada.ufc.br\/wp-content\/uploads\/2025\/07\/Frame-7-1-768x796.png 768w\" sizes=\"(max-width: 945px) 100vw, 945px\" \/>\t\t\t\t\t\t\t\t\t\t\t\t\t\t\t<\/div>\n\t\t\t\t<\/div>\n\t\t\t\t\t<\/div>\n\t\t<\/div>\n\t\t\t\t<div class=\"elementor-column elementor-col-33 elementor-top-column elementor-element elementor-element-880b4fa\" data-id=\"880b4fa\" data-element_type=\"column\" data-e-type=\"column\">\n\t\t\t<div class=\"elementor-widget-wrap elementor-element-populated\">\n\t\t\t\t\t\t<div class=\"elementor-element elementor-element-b4aa4a6 elementor-widget elementor-widget-image\" data-id=\"b4aa4a6\" data-element_type=\"widget\" data-e-type=\"widget\" data-widget_type=\"image.default\">\n\t\t\t\t<div class=\"elementor-widget-container\">\n\t\t\t\t\t\t\t\t\t\t\t\t\t\t\t<img decoding=\"async\" width=\"945\" height=\"979\" src=\"https:\/\/colonymon.quixada.ufc.br\/wp-content\/uploads\/2025\/07\/Frame-6-1.png\" class=\"attachment-large size-large wp-image-1528\" alt=\"\" srcset=\"https:\/\/colonymon.quixada.ufc.br\/wp-content\/uploads\/2025\/07\/Frame-6-1.png 945w, https:\/\/colonymon.quixada.ufc.br\/wp-content\/uploads\/2025\/07\/Frame-6-1-290x300.png 290w, https:\/\/colonymon.quixada.ufc.br\/wp-content\/uploads\/2025\/07\/Frame-6-1-768x796.png 768w\" sizes=\"(max-width: 945px) 100vw, 945px\" \/>\t\t\t\t\t\t\t\t\t\t\t\t\t\t\t<\/div>\n\t\t\t\t<\/div>\n\t\t\t\t\t<\/div>\n\t\t<\/div>\n\t\t\t\t\t<\/div>\n\t\t<\/section>\n\t\t\t\t<section class=\"elementor-section elementor-top-section elementor-element elementor-element-4eb171a elementor-section-boxed elementor-section-height-default elementor-section-height-default wpr-particle-no wpr-jarallax-no wpr-parallax-no wpr-sticky-section-no\" data-id=\"4eb171a\" data-element_type=\"section\" data-e-type=\"section\">\n\t\t\t\t\t\t<div class=\"elementor-container elementor-column-gap-default\">\n\t\t\t\t\t<div class=\"elementor-column elementor-col-100 elementor-top-column elementor-element elementor-element-5cfbf94\" data-id=\"5cfbf94\" data-element_type=\"column\" data-e-type=\"column\">\n\t\t\t<div class=\"elementor-widget-wrap elementor-element-populated\">\n\t\t\t\t\t\t\t<\/div>\n\t\t<\/div>\n\t\t\t\t\t<\/div>\n\t\t<\/section>\n\t\t\t\t<section class=\"elementor-section elementor-top-section elementor-element elementor-element-1f3414a elementor-section-boxed elementor-section-height-default elementor-section-height-default wpr-particle-no wpr-jarallax-no wpr-parallax-no wpr-sticky-section-no\" data-id=\"1f3414a\" data-element_type=\"section\" data-e-type=\"section\">\n\t\t\t\t\t\t<div class=\"elementor-container elementor-column-gap-default\">\n\t\t\t\t\t<div class=\"elementor-column elementor-col-100 elementor-top-column elementor-element elementor-element-97c3d4d\" data-id=\"97c3d4d\" data-element_type=\"column\" data-e-type=\"column\">\n\t\t\t<div class=\"elementor-widget-wrap elementor-element-populated\">\n\t\t\t\t\t\t<div class=\"elementor-element elementor-element-64b1ac4 elementor-widget elementor-widget-heading\" data-id=\"64b1ac4\" data-element_type=\"widget\" data-e-type=\"widget\" data-widget_type=\"heading.default\">\n\t\t\t\t<div class=\"elementor-widget-container\">\n\t\t\t\t\t<h2 class=\"elementor-heading-title elementor-size-default\"><a href=\"https:\/\/colonymon.quixada.ufc.br\/?page_id=12\">\u00daltimas not\u00edcias<\/a><\/h2>\t\t\t\t<\/div>\n\t\t\t\t<\/div>\n\t\t\t\t\t<\/div>\n\t\t<\/div>\n\t\t\t\t\t<\/div>\n\t\t<\/section>\n\t\t\t\t<section class=\"elementor-section elementor-top-section elementor-element elementor-element-cd209f0 elementor-section-boxed elementor-section-height-default elementor-section-height-default wpr-particle-no wpr-jarallax-no wpr-parallax-no wpr-sticky-section-no\" data-id=\"cd209f0\" data-element_type=\"section\" data-e-type=\"section\">\n\t\t\t\t\t\t<div class=\"elementor-container elementor-column-gap-default\">\n\t\t\t\t\t<div class=\"elementor-column elementor-col-50 elementor-top-column elementor-element elementor-element-d948f4a\" data-id=\"d948f4a\" data-element_type=\"column\" data-e-type=\"column\" data-settings=\"{&quot;background_background&quot;:&quot;classic&quot;}\">\n\t\t\t<div class=\"elementor-widget-wrap elementor-element-populated\">\n\t\t\t\t\t\t<div class=\"elementor-element elementor-element-a954735 elementor-widget elementor-widget-image\" data-id=\"a954735\" data-element_type=\"widget\" data-e-type=\"widget\" data-widget_type=\"image.default\">\n\t\t\t\t<div class=\"elementor-widget-container\">\n\t\t\t\t\t\t\t\t\t\t\t\t\t\t\t<img loading=\"lazy\" decoding=\"async\" width=\"884\" height=\"1024\" src=\"https:\/\/colonymon.quixada.ufc.br\/wp-content\/uploads\/2025\/06\/Imagem-do-WhatsApp-de-2025-06-05-as-22.41.53_9bb8b6fd-884x1024.jpg\" class=\"attachment-large size-large wp-image-1454\" alt=\"\" srcset=\"https:\/\/colonymon.quixada.ufc.br\/wp-content\/uploads\/2025\/06\/Imagem-do-WhatsApp-de-2025-06-05-as-22.41.53_9bb8b6fd-884x1024.jpg 884w, https:\/\/colonymon.quixada.ufc.br\/wp-content\/uploads\/2025\/06\/Imagem-do-WhatsApp-de-2025-06-05-as-22.41.53_9bb8b6fd-259x300.jpg 259w, https:\/\/colonymon.quixada.ufc.br\/wp-content\/uploads\/2025\/06\/Imagem-do-WhatsApp-de-2025-06-05-as-22.41.53_9bb8b6fd-768x890.jpg 768w, https:\/\/colonymon.quixada.ufc.br\/wp-content\/uploads\/2025\/06\/Imagem-do-WhatsApp-de-2025-06-05-as-22.41.53_9bb8b6fd.jpg 1200w\" sizes=\"(max-width: 884px) 100vw, 884px\" \/>\t\t\t\t\t\t\t\t\t\t\t\t\t\t\t<\/div>\n\t\t\t\t<\/div>\n\t\t\t\t<div class=\"elementor-element elementor-element-dcf2f5d elementor-widget elementor-widget-text-editor\" data-id=\"dcf2f5d\" data-element_type=\"widget\" data-e-type=\"widget\" data-widget_type=\"text-editor.default\">\n\t\t\t\t<div class=\"elementor-widget-container\">\n\t\t\t\t\t\t\t\t\t<p><span style=\"color: rgb(27, 30, 31); font-family: Roboto, sans-serif; white-space-collapse: preserve;\">De 5 a 7 de junho de 2025, o Colonymon marcou presen\u00e7a na 27\u00aa edi\u00e7\u00e3o do PEC NORDESTE, levando solu\u00e7\u00f5es em apicultura de precis\u00e3o, como o app Revise! e sensores inteligentes. <\/span><br style=\"color: rgb(27, 30, 31); font-family: Roboto, sans-serif; font-weight: 600; white-space-collapse: preserve;\"><\/p>\n<p><span style=\"color: rgb(27, 30, 31); font-family: Roboto, sans-serif; white-space-collapse: preserve;\">Clique e confira como foi a nossa participa\u00e7\u00e3o no evento que reuniu milhares de profissionais do agro no Centro de Eventos do Cear\u00e1!<\/span><span style=\"color: rgb(27, 30, 31); font-family: Roboto, sans-serif; white-space-collapse: preserve;\"><\/span><span style=\"color: rgb(27, 30, 31); font-family: Roboto, sans-serif; white-space-collapse: preserve;\"><\/span><\/p>\t\t\t\t\t\t\t\t<\/div>\n\t\t\t\t<\/div>\n\t\t\t\t<div class=\"elementor-element elementor-element-0fc27dd elementor-align-right elementor-mobile-align-center elementor-widget elementor-widget-button\" data-id=\"0fc27dd\" data-element_type=\"widget\" data-e-type=\"widget\" data-widget_type=\"button.default\">\n\t\t\t\t<div class=\"elementor-widget-container\">\n\t\t\t\t\t\t\t\t\t<div class=\"elementor-button-wrapper\">\n\t\t\t\t\t<a class=\"elementor-button elementor-button-link elementor-size-sm\" href=\"https:\/\/colonymon.quixada.ufc.br\/?p=1451\">\n\t\t\t\t\t\t<span class=\"elementor-button-content-wrapper\">\n\t\t\t\t\t\t\t\t\t<span class=\"elementor-button-text\">Leia mais<\/span>\n\t\t\t\t\t<\/span>\n\t\t\t\t\t<\/a>\n\t\t\t\t<\/div>\n\t\t\t\t\t\t\t\t<\/div>\n\t\t\t\t<\/div>\n\t\t\t\t\t<\/div>\n\t\t<\/div>\n\t\t\t\t<div class=\"elementor-column elementor-col-50 elementor-top-column elementor-element elementor-element-c75d537\" data-id=\"c75d537\" data-element_type=\"column\" data-e-type=\"column\">\n\t\t\t<div class=\"elementor-widget-wrap\">\n\t\t\t\t\t\t\t<\/div>\n\t\t<\/div>\n\t\t\t\t\t<\/div>\n\t\t<\/section>\n\t\t\t\t<section class=\"elementor-section elementor-top-section elementor-element elementor-element-6c8dbd4 elementor-section-boxed elementor-section-height-default elementor-section-height-default wpr-particle-no wpr-jarallax-no wpr-parallax-no wpr-sticky-section-no\" data-id=\"6c8dbd4\" data-element_type=\"section\" data-e-type=\"section\">\n\t\t\t\t\t\t<div class=\"elementor-container elementor-column-gap-default\">\n\t\t\t\t\t<div class=\"elementor-column elementor-col-100 elementor-top-column elementor-element elementor-element-1a199a7\" data-id=\"1a199a7\" data-element_type=\"column\" data-e-type=\"column\">\n\t\t\t<div class=\"elementor-widget-wrap elementor-element-populated\">\n\t\t\t\t\t\t\t<\/div>\n\t\t<\/div>\n\t\t\t\t\t<\/div>\n\t\t<\/section>\n\t\t\t\t<\/div>\n\t\t","protected":false},"excerpt":{"rendered":"<p>Sobre o projeto O abandono de uma col\u00f4nia \u00e9 um termo usado na apicultura para quando uma col\u00f4nia inteira deixa seu ninho para nunca mais retornar a ele. Apicultores do semi\u00e1rido cearense tem relatado, anualmente, severos preju\u00edzos devido a uma alta taxa de perda por abandono de col\u00f4nias de abelhas africanizadas durante a estiagem. Estudos apontam que essas taxas est\u00e3o relacionadas a fatores clim\u00e1ticos, contudo, at\u00e9 o momento, n\u00e3o se sabe com precis\u00e3o quais vari\u00e1veis f\u00edsicas e internas \u00e0 col\u00f4nia podem indicar antecipadamente sua decis\u00e3o pelo abandono da colmeia.&nbsp; \u00daltimas not\u00edcias De 5 a 7 de junho de 2025, o Colonymon marcou presen\u00e7a na 27\u00aa edi\u00e7\u00e3o do PEC NORDESTE, levando solu\u00e7\u00f5es em apicultura de precis\u00e3o, como o app Revise! e sensores inteligentes. Clique e confira como foi a nossa participa\u00e7\u00e3o no evento que reuniu milhares de profissionais do agro no Centro de Eventos do Cear\u00e1! Leia mais<\/p>\n","protected":false},"author":1,"featured_media":0,"parent":0,"menu_order":0,"comment_status":"closed","ping_status":"closed","template":"page-templates\/homepage.php","meta":{"footnotes":""},"class_list":["post-11","page","type-page","status-publish","hentry"],"_links":{"self":[{"href":"https:\/\/colonymon.quixada.ufc.br\/index.php?rest_route=\/wp\/v2\/pages\/11","targetHints":{"allow":["GET"]}}],"collection":[{"href":"https:\/\/colonymon.quixada.ufc.br\/index.php?rest_route=\/wp\/v2\/pages"}],"about":[{"href":"https:\/\/colonymon.quixada.ufc.br\/index.php?rest_route=\/wp\/v2\/types\/page"}],"author":[{"embeddable":true,"href":"https:\/\/colonymon.quixada.ufc.br\/index.php?rest_route=\/wp\/v2\/users\/1"}],"replies":[{"embeddable":true,"href":"https:\/\/colonymon.quixada.ufc.br\/index.php?rest_route=%2Fwp%2Fv2%2Fcomments&post=11"}],"version-history":[{"count":21,"href":"https:\/\/colonymon.quixada.ufc.br\/index.php?rest_route=\/wp\/v2\/pages\/11\/revisions"}],"predecessor-version":[{"id":1575,"href":"https:\/\/colonymon.quixada.ufc.br\/index.php?rest_route=\/wp\/v2\/pages\/11\/revisions\/1575"}],"wp:attachment":[{"href":"https:\/\/colonymon.quixada.ufc.br\/index.php?rest_route=%2Fwp%2Fv2%2Fmedia&parent=11"}],"curies":[{"name":"wp","href":"https:\/\/api.w.org\/{rel}","templated":true}]}}